{"id":5,"date":"2019-05-13T12:53:47","date_gmt":"2019-05-13T10:53:47","guid":{"rendered":"http:\/\/www.osadachlapowo.pl\/index.php\/oferta\/"},"modified":"2022-02-28T13:54:12","modified_gmt":"2022-02-28T12:54:12","slug":"oferta","status":"publish","type":"page","link":"https:\/\/www.osadachlapowo.pl\/index.php\/oferta\/","title":{"rendered":"Oferta"},"content":{"rendered":"<p>[et_pb_section bb_built=&#8221;1&#8243; fullwidth=&#8221;on&#8221; _builder_version=&#8221;3.17.6&#8243; background_position=&#8221;bottom_center&#8221; saved_tabs=&#8221;all&#8221; next_background_color=&#8221;#000000&#8243; global_module=&#8221;90&#8243;][et_pb_fullwidth_slider global_parent=&#8221;90&#8243; _builder_version=&#8221;3.17.6&#8243; header_font=&#8221;||||||||&#8221; auto=&#8221;on&#8221; auto_speed=&#8221;6000&#8243; auto_ignore_hover=&#8221;on&#8221;][et_pb_slide heading=&#8221;Osada ch\u0142apowo&#8221; button_text=&#8221;Sprawd\u017a ofert\u0119&#8221; button_link=&#8221;http:\/\/www.osadachlapowo.pl\/index.php\/oferta\/&#8221; _builder_version=&#8221;3.17.6&#8243; header_level=&#8221;h2&#8243; header_font=&#8221;Share Tech|600||on|||||&#8221; header_font_size=&#8221;60px&#8221; header_letter_spacing=&#8221;2px&#8221; header_text_shadow_style=&#8221;preset1&#8243; background_color=&#8221;#ffffff&#8221; use_background_color_gradient=&#8221;on&#8221; background_color_gradient_start=&#8221;rgba(0,0,0,0.5)&#8221; background_color_gradient_end=&#8221;rgba(0,0,0,0.5)&#8221; background_color_gradient_overlays_image=&#8221;on&#8221; background_image=&#8221;http:\/\/www.osadachlapowo.pl\/wp-content\/uploads\/2019\/05\/20190504_084008.jpg&#8221; background_position=&#8221;bottom_center&#8221; custom_button=&#8221;on&#8221; button_text_color=&#8221;#FFFFFF&#8221; button_border_width=&#8221;2px&#8221; button_border_color=&#8221;#FFFFFF&#8221; button_border_radius=&#8221;0px&#8221; button_letter_spacing=&#8221;1px&#8221; button_font=&#8221;||||||||&#8221; button_use_icon=&#8221;on&#8221; button_icon=&#8221;%%3%%&#8221; button_icon_color=&#8221;#ffffff&#8221;][\/et_pb_slide][et_pb_slide heading=&#8221;Osada ch\u0142apowo&#8221; button_text=&#8221;Sprawd\u017a ofert\u0119&#8221; button_link=&#8221;http:\/\/www.osadachlapowo.pl\/index.php\/oferta\/&#8221; _builder_version=&#8221;3.17.6&#8243; header_level=&#8221;h2&#8243; header_font=&#8221;Share Tech|600||on|||||&#8221; header_font_size=&#8221;60px&#8221; header_letter_spacing=&#8221;2px&#8221; header_text_shadow_style=&#8221;preset1&#8243; background_color=&#8221;#ffffff&#8221; use_background_color_gradient=&#8221;on&#8221; background_color_gradient_start=&#8221;rgba(0,0,0,0.5)&#8221; background_color_gradient_end=&#8221;rgba(0,0,0,0.5)&#8221; background_color_gradient_overlays_image=&#8221;on&#8221; background_image=&#8221;http:\/\/www.osadachlapowo.pl\/wp-content\/uploads\/2019\/05\/20190504_084159.jpg&#8221; custom_button=&#8221;on&#8221; button_text_color=&#8221;#FFFFFF&#8221; button_border_width=&#8221;2px&#8221; button_border_color=&#8221;#FFFFFF&#8221; button_border_radius=&#8221;0px&#8221; button_letter_spacing=&#8221;1px&#8221; button_font=&#8221;||||||||&#8221; button_use_icon=&#8221;on&#8221; button_icon=&#8221;%%3%%&#8221; button_icon_color=&#8221;#ffffff&#8221;][\/et_pb_slide][\/et_pb_fullwidth_slider][\/et_pb_section][et_pb_section bb_built=&#8221;1&#8243; admin_label=&#8221;Our Services&#8221; _builder_version=&#8221;3.8&#8243; custom_padding=&#8221;54px|0px|54px|0px|false|false&#8221; prev_background_color=&#8221;#000000&#8243; next_background_color=&#8221;#000000&#8243;][et_pb_row padding_top_2=&#8221;120px&#8221; padding_2_tablet=&#8221;40px|||&#8221; padding_2_last_edited=&#8221;on|tablet&#8221; _builder_version=&#8221;3.8&#8243; custom_padding=&#8221;0|0px|27px|0px|false|false&#8221;][et_pb_column type=&#8221;4_4&#8243;][et_pb_text _builder_version=&#8221;3.20.2&#8243; text_font=&#8221;Share Tech||||||||&#8221; text_text_color=&#8221;rgba(0,0,0,0.02)&#8221; text_font_size=&#8221;100px&#8221; text_font_size_tablet=&#8221;80px&#8221; text_font_size_phone=&#8221;60px&#8221; text_font_size_last_edited=&#8221;on|desktop&#8221; text_line_height=&#8221;0.2em&#8221; header_font=&#8221;||||||||&#8221; header_2_font=&#8221;Share Tech||||||||&#8221; header_2_font_size=&#8221;48px&#8221; header_2_font_size_phone=&#8221;36px&#8221; header_2_font_size_last_edited=&#8221;on|phone&#8221; header_2_line_height=&#8221;1.4em&#8221; custom_margin=&#8221;||30px||false&#8221; custom_margin_tablet=&#8221;||0px|&#8221; custom_margin_last_edited=&#8221;on|tablet&#8221;]<\/p>\n<h2 style=\"text-align: center;\">Cennik<\/h2>\n<p>[\/et_pb_text][et_pb_text _builder_version=&#8221;3.20.2&#8243; text_font=&#8221;Open Sans||||||||&#8221; text_font_size=&#8221;16px&#8221; text_line_height=&#8221;1.8em&#8221; max_width_last_edited=&#8221;off|desktop&#8221; text_text_color=&#8221;#000000&#8243; header_text_color=&#8221;#000000&#8243;]<\/p>\n<p style=\"text-align: center;\"><strong><span style=\"color: #222222;\"><span style=\"font-family: Arial, Helvetica, sans-serif;\"><span style=\"font-size: medium;\">Cena wynajmu zale\u017cna jest od ilo\u015bci os\u00f3b oraz d\u0142ugo\u015bci pobytu.\u00a0<\/span><\/span><\/span><\/strong><\/p>\n<p style=\"text-align: center;\"><strong><span style=\"color: #222222;\"><span style=\"font-family: Arial, Helvetica, sans-serif;\"><span style=\"font-size: medium;\">W cenie wynajmu uwzgl\u0119dniona ju\u017c jest woda, pr\u0105d.<\/span><\/span><\/span><\/strong><\/p>\n<table style=\"height: 374px;\" border=\"1\" width=\"651\" cellspacing=\"0\" cellpadding=\"7\">\n<tbody>\n<tr valign=\"BOTTOM\">\n<td colspan=\"2\" bgcolor=\"#ffffff\" width=\"310\">\n<p style=\"text-align: center;\"><strong>CENNIK\u00a0\u00a0<\/strong><\/p>\n<\/td>\n<\/tr>\n<tr>\n<td bgcolor=\"#ffffff\" width=\"316\" height=\"19\">\n<p align=\"CENTER\"><span style=\"color: #222222;\"><span style=\"font-family: 'Comic sans', serif;\"><span lang=\"pl-PL\"><b>4.05 &#8211; 15.06 \/ 01.09 &#8211; 30.09<\/b><\/span><\/span><\/span><\/p>\n<\/td>\n<td bgcolor=\"#ffffff\" width=\"304\">\n<p align=\"CENTER\"><span style=\"color: #222222;\"><span style=\"font-family: 'Comic sansn', serif;\"><span lang=\"pl-PL\"><b>260z\u0142 &#8211; 300z\u0142<\/b><\/span><\/span><\/span><\/p>\n<\/td>\n<\/tr>\n<tr>\n<td valign=\"BOTTOM\" bgcolor=\"#ffffff\" width=\"316\" height=\"19\">\n<p align=\"CENTER\"><span style=\"color: #222222;\"><span style=\"font-family: 'Comic sans', serif;\"><span lang=\"pl-PL\"><b>16.06 &#8211; 10.07 \/ 22.08 -31.08<\/b><\/span><\/span><\/span><\/p>\n<\/td>\n<td bgcolor=\"#ffffff\" width=\"304\">\n<p align=\"CENTER\"><span style=\"color: #222222;\"><span style=\"font-family: 'Comic sans', serif;\"><span lang=\"pl-PL\"><b>340z\u0142 &#8211; 380z\u0142\u00a0<\/b><\/span><\/span><\/span><\/p>\n<\/td>\n<\/tr>\n<tr>\n<td bgcolor=\"#ffffff\" width=\"316\" height=\"19\">\n<p align=\"CENTER\"><span style=\"color: #222222;\"><span style=\"font-family: 'Comic sans', serif;\"><span lang=\"pl-PL\"><b>11.07 &#8211; 21.08<\/b><\/span><\/span><\/span><\/p>\n<\/td>\n<td bgcolor=\"#ffffff\" width=\"304\">\n<p align=\"CENTER\"><span style=\"color: #222222;\"><span style=\"font-family: 'Comic sans', serif;\"><span lang=\"pl-PL\"><b>450z\u0142 &#8211; 500z\u0142\u00a0<\/b><\/span><\/span><\/span><\/p>\n<\/td>\n<\/tr>\n<tr>\n<td valign=\"BOTTOM\" bgcolor=\"#ffffff\" width=\"316\" height=\"18\">\n<p align=\"CENTER\"><span style=\"color: #222222;\"><span style=\"font-family: 'Times New Roman', serif;\"><span lang=\"pl-PL\"><b>Weekend majowy (29.04 -03.05)<\/b><\/span><\/span><\/span><\/p>\n<p align=\"CENTER\">\u00a0<\/p>\n<\/td>\n<td bgcolor=\"#ffffff\" width=\"304\">\n<p align=\"CENTER\"><span style=\"color: #222222;\"><span style=\"font-family: 'Times New Roman', serif;\"><span lang=\"pl-PL\"><b>340z\u0142 -380z\u0142<\/b><\/span><\/span><\/span><\/p>\n<\/td>\n<\/tr>\n<\/tbody>\n<\/table>\n<table border=\"1\" width=\"649\" cellspacing=\"0\" cellpadding=\"7\">\n<tbody>\n<tr>\n<td bgcolor=\"#ffffff\" width=\"633\" height=\"18\">\n<p align=\"CENTER\"><strong>Ka\u017cda kolejna osoba 40z\u0142 ( 7, 8 os\u00f3b)<\/strong><\/p>\n<\/td>\n<\/tr>\n<tr>\n<td bgcolor=\"#ffffff\" width=\"633\" height=\"21\">\n<p align=\"CENTER\"><span style=\"color: #000000;\"><span style=\"font-family: 'Times New Roman', serif;\"><span lang=\"pl-PL\"><b>OP\u0141ATA KLIMATYCZNA 2,5z\u0142 osoba \/ doba<\/b><\/span><\/span><\/span><\/p>\n<\/td>\n<\/tr>\n<tr>\n<td bgcolor=\"#ffffff\" width=\"633\" height=\"25\">\n<p align=\"CENTER\"><span style=\"color: #000000;\"><span style=\"font-family: 'Times New Roman', serif;\"><span lang=\"pl-PL\"><b>Akceptujemy zwierz\u0119ta opr\u00f3cz kot\u00f3w i ps\u00f3w ras du\u017cych i niebezpiecznych.<br \/>Op\u0142ata jednorazowa 50z\u0142<\/b><\/span><\/span><\/span><\/p>\n<\/td>\n<\/tr>\n<\/tbody>\n<\/table>\n<p style=\"text-align: justify;\">\u00a0<\/p>\n<p>[\/et_pb_text][\/et_pb_column][\/et_pb_row][et_pb_row _builder_version=&#8221;3.17.6&#8243; custom_padding=&#8221;0|0px|27px|0px|false|false&#8221;][et_pb_column type=&#8221;1_2&#8243;][et_pb_text _builder_version=&#8221;3.20.2&#8243; text_font=&#8221;Open Sans||||||||&#8221; text_font_size=&#8221;16px&#8221; text_line_height=&#8221;1.8em&#8221; max_width_last_edited=&#8221;off|desktop&#8221; text_text_color=&#8221;#000000&#8243;]<\/p>\n<p style=\"text-align: justify;\"><strong>W okresie wakacyjnych rezerwacje przyjmowane s\u0105 na pe\u0142ne tygodnie od soboty do soboty i ich wielokrotno\u015bci.<\/strong><\/p>\n<p style=\"text-align: justify;\"><strong>Doba hotelowa zaczyna si\u0119 od godz. 15:00 w dniu przyjazdu, a ko\u0144czy o godz. 10:00 w dniu wyjazdu. <\/strong><strong>Warunkiem rezerwacji domku jest w wp\u0142ata zadatku w wysoko\u015bci 20% warto\u015bci pobytu w ciagu 3 dni od momentu rezerwacji na nr konta . Reszt\u0119 nale\u017cno\u015bci rozliczamy w dniu przyjazdu z chwil\u0105 wydania kluczy do obiektu. Rezygnacja z przyjazdu nie powoduje zwrotu zadatku. Wp\u0142ata zadatku jest r\u00f3wnoznaczna z akceptacj\u0105 regulaminu.<\/strong><\/p>\n<p>[\/et_pb_text][\/et_pb_column][et_pb_column type=&#8221;1_2&#8243;][et_pb_image src=&#8221;http:\/\/www.osadachlapowo.pl\/wp-content\/uploads\/2019\/05\/20190504_084103-e1557752235672.jpg&#8221; _builder_version=&#8221;3.20.2&#8243; box_shadow_style=&#8221;preset2&#8243; max_width=&#8221;70%&#8221; module_alignment=&#8221;center&#8221;]<\/p>\n<p>[\/et_pb_image][\/et_pb_column][\/et_pb_row][\/et_pb_section][et_pb_section bb_built=&#8221;1&#8243; prev_background_color=&#8221;#ffffff&#8221; next_background_color=&#8221;#ffffff&#8221; _builder_version=&#8221;3.17.6&#8243; background_image=&#8221;http:\/\/www.osadachlapowo.pl\/wp-content\/uploads\/2019\/05\/IMG_6802.jpeg&#8221; parallax=&#8221;on&#8221; parallax_method=&#8221;off&#8221; custom_padding=&#8221;140px|0px|140px|0px|true|false&#8221; top_divider_style=&#8221;wave2&#8243; bottom_divider_style=&#8221;curve2&#8243; saved_tabs=&#8221;all&#8221; global_module=&#8221;88&#8243;][\/et_pb_section][et_pb_section bb_built=&#8221;1&#8243; admin_label=&#8221;Footer&#8221; custom_padding_last_edited=&#8221;off|desktop&#8221; _builder_version=&#8221;3.17.6&#8243; use_background_color_gradient=&#8221;on&#8221; background_color_gradient_start=&#8221;rgba(0,0,0,0.5)&#8221; background_color_gradient_end=&#8221;rgba(0,0,0,0.5)&#8221; background_color_gradient_direction=&#8221;140deg&#8221; background_color_gradient_overlays_image=&#8221;on&#8221; background_image=&#8221;http:\/\/www.osadachlapowo.pl\/wp-content\/uploads\/2019\/05\/20190504_084159.jpg&#8221; border_width_all=&#8221;1px&#8221; border_color_top=&#8221;#000000&#8243; custom_margin=&#8221;|||&#8221; custom_padding=&#8221;100px|0px|100px|0px|true|false&#8221; custom_padding_tablet=&#8221;10vw||10vw||true&#8221; custom_padding_phone=&#8221;5vw||5vw||true&#8221; saved_tabs=&#8221;all&#8221; locked=&#8221;off&#8221; prev_background_color=&#8221;#ffffff&#8221; next_background_color=&#8221;#ffffff&#8221; global_module=&#8221;43&#8243;][et_pb_row global_parent=&#8221;43&#8243; use_custom_width=&#8221;on&#8221; use_custom_gutter=&#8221;on&#8221; custom_padding=&#8221;|||&#8221; padding_top_2=&#8221;120px&#8221; padding_2_tablet=&#8221;0px|||&#8221; padding_2_last_edited=&#8221;on|tablet&#8221; _builder_version=&#8221;3.8&#8243;][et_pb_column type=&#8221;2_3&#8243;][et_pb_contact_form global_parent=&#8221;43&#8243; captcha=&#8221;off&#8221; title=&#8221;Napisz do nas&#8221; submit_button_text=&#8221;Wiadomo\u015b\u0107&#8221; form_background_color=&#8221;rgba(0,0,0,0)&#8221; module_id=&#8221;et_pb_contact_form_0&#8243; _builder_version=&#8221;3.17.6&#8243; title_level=&#8221;h2&#8243; title_font=&#8221;Share Tech||||||||&#8221; title_text_color=&#8221;#ffffff&#8221; title_font_size=&#8221;50px&#8221; title_line_height=&#8221;1.2em&#8221; form_field_font=&#8221;Open Sans|700|||||||&#8221; form_field_text_color=&#8221;#ffffff&#8221; form_field_letter_spacing=&#8221;2px&#8221; form_field_line_height=&#8221;1.8em&#8221; border_width_bottom=&#8221;2px&#8221; border_color_bottom=&#8221;#ffffff&#8221; custom_button=&#8221;on&#8221; button_text_size=&#8221;15px&#8221; button_text_color=&#8221;#ffffff&#8221; button_bg_color=&#8221;#ffa727&#8243; button_border_width=&#8221;10px&#8221; button_border_color=&#8221;#ffa727&#8243; button_border_radius=&#8221;100px&#8221; button_letter_spacing=&#8221;5px&#8221; button_font=&#8221;Open Sans|700||on|||||&#8221; button_use_icon=&#8221;off&#8221; button_text_size_last_edited=&#8221;off|desktop&#8221; button_bg_color_hover=&#8221;#ff8a3d&#8221; button_border_color_hover=&#8221;#ff8a3d&#8221; button_border_radius_hover=&#8221;100px&#8221; button_letter_spacing_hover=&#8221;5px&#8221;][et_pb_contact_field field_id=&#8221;Name&#8221; field_title=&#8221;Imi\u0119&#8221; _builder_version=&#8221;3.17.6&#8243; border_radii=&#8221;on||||&#8221; button_text_size__hover_enabled=&#8221;off&#8221; button_one_text_size__hover_enabled=&#8221;off&#8221; button_two_text_size__hover_enabled=&#8221;off&#8221; button_text_color__hover_enabled=&#8221;off&#8221; button_one_text_color__hover_enabled=&#8221;off&#8221; button_two_text_color__hover_enabled=&#8221;off&#8221; button_border_width__hover_enabled=&#8221;off&#8221; button_one_border_width__hover_enabled=&#8221;off&#8221; button_two_border_width__hover_enabled=&#8221;off&#8221; button_border_color__hover_enabled=&#8221;off&#8221; button_one_border_color__hover_enabled=&#8221;off&#8221; button_two_border_color__hover_enabled=&#8221;off&#8221; button_border_radius__hover_enabled=&#8221;off&#8221; button_one_border_radius__hover_enabled=&#8221;off&#8221; button_two_border_radius__hover_enabled=&#8221;off&#8221; button_letter_spacing__hover_enabled=&#8221;off&#8221; button_one_letter_spacing__hover_enabled=&#8221;off&#8221; button_two_letter_spacing__hover_enabled=&#8221;off&#8221; button_bg_color__hover_enabled=&#8221;off&#8221; button_one_bg_color__hover_enabled=&#8221;off&#8221; button_two_bg_color__hover_enabled=&#8221;off&#8221;][\/et_pb_contact_field][et_pb_contact_field field_id=&#8221;Email&#8221; field_title=&#8221;E-mail&#8221; field_type=&#8221;email&#8221; _builder_version=&#8221;3.17.6&#8243; border_radii=&#8221;on||||&#8221; button_text_size__hover_enabled=&#8221;off&#8221; button_one_text_size__hover_enabled=&#8221;off&#8221; button_two_text_size__hover_enabled=&#8221;off&#8221; button_text_color__hover_enabled=&#8221;off&#8221; button_one_text_color__hover_enabled=&#8221;off&#8221; button_two_text_color__hover_enabled=&#8221;off&#8221; button_border_width__hover_enabled=&#8221;off&#8221; button_one_border_width__hover_enabled=&#8221;off&#8221; button_two_border_width__hover_enabled=&#8221;off&#8221; button_border_color__hover_enabled=&#8221;off&#8221; button_one_border_color__hover_enabled=&#8221;off&#8221; button_two_border_color__hover_enabled=&#8221;off&#8221; button_border_radius__hover_enabled=&#8221;off&#8221; button_one_border_radius__hover_enabled=&#8221;off&#8221; button_two_border_radius__hover_enabled=&#8221;off&#8221; button_letter_spacing__hover_enabled=&#8221;off&#8221; button_one_letter_spacing__hover_enabled=&#8221;off&#8221; button_two_letter_spacing__hover_enabled=&#8221;off&#8221; button_bg_color__hover_enabled=&#8221;off&#8221; button_one_bg_color__hover_enabled=&#8221;off&#8221; button_two_bg_color__hover_enabled=&#8221;off&#8221;][\/et_pb_contact_field][et_pb_contact_field field_id=&#8221;Email_2&#8243; field_title=&#8221;Nr telefonu&#8221; field_type=&#8221;email&#8221; fullwidth_field=&#8221;on&#8221; _builder_version=&#8221;3.17.6&#8243; border_radii=&#8221;on||||&#8221; button_text_size__hover_enabled=&#8221;off&#8221; button_one_text_size__hover_enabled=&#8221;off&#8221; button_two_text_size__hover_enabled=&#8221;off&#8221; button_text_color__hover_enabled=&#8221;off&#8221; button_one_text_color__hover_enabled=&#8221;off&#8221; button_two_text_color__hover_enabled=&#8221;off&#8221; button_border_width__hover_enabled=&#8221;off&#8221; button_one_border_width__hover_enabled=&#8221;off&#8221; button_two_border_width__hover_enabled=&#8221;off&#8221; button_border_color__hover_enabled=&#8221;off&#8221; button_one_border_color__hover_enabled=&#8221;off&#8221; button_two_border_color__hover_enabled=&#8221;off&#8221; button_border_radius__hover_enabled=&#8221;off&#8221; button_one_border_radius__hover_enabled=&#8221;off&#8221; button_two_border_radius__hover_enabled=&#8221;off&#8221; button_letter_spacing__hover_enabled=&#8221;off&#8221; button_one_letter_spacing__hover_enabled=&#8221;off&#8221; button_two_letter_spacing__hover_enabled=&#8221;off&#8221; button_bg_color__hover_enabled=&#8221;off&#8221; button_one_bg_color__hover_enabled=&#8221;off&#8221; button_two_bg_color__hover_enabled=&#8221;off&#8221;][\/et_pb_contact_field][et_pb_contact_field field_id=&#8221;Message&#8221; field_title=&#8221;Wiadomo\u015b\u0107&#8221; field_type=&#8221;text&#8221; fullwidth_field=&#8221;on&#8221; _builder_version=&#8221;3.17.6&#8243; border_radii=&#8221;on||||&#8221; button_text_size__hover_enabled=&#8221;off&#8221; button_one_text_size__hover_enabled=&#8221;off&#8221; button_two_text_size__hover_enabled=&#8221;off&#8221; button_text_color__hover_enabled=&#8221;off&#8221; button_one_text_color__hover_enabled=&#8221;off&#8221; button_two_text_color__hover_enabled=&#8221;off&#8221; button_border_width__hover_enabled=&#8221;off&#8221; button_one_border_width__hover_enabled=&#8221;off&#8221; button_two_border_width__hover_enabled=&#8221;off&#8221; button_border_color__hover_enabled=&#8221;off&#8221; button_one_border_color__hover_enabled=&#8221;off&#8221; button_two_border_color__hover_enabled=&#8221;off&#8221; button_border_radius__hover_enabled=&#8221;off&#8221; button_one_border_radius__hover_enabled=&#8221;off&#8221; button_two_border_radius__hover_enabled=&#8221;off&#8221; button_letter_spacing__hover_enabled=&#8221;off&#8221; button_one_letter_spacing__hover_enabled=&#8221;off&#8221; button_two_letter_spacing__hover_enabled=&#8221;off&#8221; button_bg_color__hover_enabled=&#8221;off&#8221; button_one_bg_color__hover_enabled=&#8221;off&#8221; button_two_bg_color__hover_enabled=&#8221;off&#8221;][\/et_pb_contact_field][\/et_pb_contact_form][\/et_pb_column][et_pb_column type=&#8221;1_3&#8243;][et_pb_blurb global_parent=&#8221;43&#8243; title=&#8221;Adres&#8221; use_icon=&#8221;on&#8221; font_icon=&#8221;%%249%%&#8221; icon_color=&#8221;#ffa727&#8243; icon_placement=&#8221;left&#8221; content_max_width=&#8221;1100px&#8221; use_icon_font_size=&#8221;on&#8221; icon_font_size=&#8221;28px&#8221; _builder_version=&#8221;3.17.6&#8243; header_font=&#8221;Share Tech||||||||&#8221; header_font_size=&#8221;24px&#8221; header_line_height=&#8221;1.2em&#8221; body_font=&#8221;Open Sans||||||||&#8221; body_font_size=&#8221;16px&#8221; body_line_height=&#8221;1.8em&#8221; background_layout=&#8221;dark&#8221; custom_padding=&#8221;|||&#8221; animation_style=&#8221;fold&#8221; animation_delay=&#8221;150ms&#8221; animation=&#8221;off&#8221; locked=&#8221;off&#8221;]<\/p>\n<p>Osada Ch\u0142apowo<br \/> ul: Solna 38<br \/> 84-120 Ch\u0142apowo<br \/> (W\u0142adys\u0142awowo)<\/p>\n<p>[\/et_pb_blurb][et_pb_blurb global_parent=&#8221;43&#8243; title=&#8221;Telefon&#8221; use_icon=&#8221;on&#8221; font_icon=&#8221;%%264%%&#8221; icon_color=&#8221;#ffa727&#8243; icon_placement=&#8221;left&#8221; content_max_width=&#8221;1100px&#8221; use_icon_font_size=&#8221;on&#8221; icon_font_size=&#8221;28px&#8221; _builder_version=&#8221;3.17.6&#8243; header_font=&#8221;Share Tech||||||||&#8221; header_font_size=&#8221;24px&#8221; header_line_height=&#8221;1.2em&#8221; body_font=&#8221;Open Sans||||||||&#8221; body_font_size=&#8221;16px&#8221; body_line_height=&#8221;1.8em&#8221; background_layout=&#8221;dark&#8221; custom_padding=&#8221;|||&#8221; animation_style=&#8221;fold&#8221; animation_delay=&#8221;150ms&#8221; animation=&#8221;off&#8221; locked=&#8221;off&#8221;]<\/p>\n<p><span>Iwona Mierzejewska<br \/> <\/span><span>508-402-192<\/span><\/p>\n<p>[\/et_pb_blurb][et_pb_blurb global_parent=&#8221;43&#8243; title=&#8221;Numer konta:&#8221; use_icon=&#8221;on&#8221; font_icon=&#8221;%%280%%&#8221; icon_color=&#8221;#ffa727&#8243; icon_placement=&#8221;left&#8221; content_max_width=&#8221;1100px&#8221; use_icon_font_size=&#8221;on&#8221; icon_font_size=&#8221;28px&#8221; _builder_version=&#8221;3.17.6&#8243; header_font=&#8221;Share Tech||||||||&#8221; header_font_size=&#8221;24px&#8221; header_line_height=&#8221;1.2em&#8221; body_font=&#8221;Open Sans||||||||&#8221; body_font_size=&#8221;16px&#8221; body_line_height=&#8221;1.8em&#8221; background_layout=&#8221;dark&#8221; custom_padding=&#8221;|||&#8221; animation_style=&#8221;fold&#8221; animation_delay=&#8221;150ms&#8221; animation=&#8221;off&#8221; locked=&#8221;off&#8221;]<\/p>\n<p>PKO Bank Polski SA<\/p>\n<p>68 1020 1912 0000 9402 0165 9499<\/p>\n<p>[\/et_pb_blurb][\/et_pb_column][\/et_pb_row][\/et_pb_section][et_pb_section bb_built=&#8221;1&#8243; fullwidth=&#8221;on&#8221; _builder_version=&#8221;3.17.6&#8243; saved_tabs=&#8221;all&#8221; prev_background_color=&#8221;#000000&#8243; global_module=&#8221;37&#8243;][et_pb_fullwidth_code global_parent=&#8221;37&#8243; _builder_version=&#8221;3.17.6&#8243;]<iframe loading=\"lazy\" src=\"https:\/\/www.google.com\/maps\/d\/u\/0\/embed?mid=1nPuwRiN4G5voy27MLb47FyT1Fn4-uqqE\" width=\"2000\" height=\"550\"><\/iframe>[\/et_pb_fullwidth_code][\/et_pb_section]<\/p>\n","protected":false},"excerpt":{"rendered":"<p>Cennik Cena wynajmu zale\u017cna jest od ilo\u015bci os\u00f3b oraz d\u0142ugo\u015bci pobytu.\u00a0W cenie wynajmu uwzgl\u0119dniona ju\u017c jest woda, pr\u0105d.CENNIK\u00a0\u00a04.05 &#8211; 15.06 \/ 01.09 &#8211; 30.09260z\u0142 &#8211; 300z\u014216.06 &#8211; 10.07 \/ 22.08 -31.08340z\u0142 &#8211; 380z\u0142\u00a011.07 &#8211; 21.08450z\u0142 &#8211; 500z\u0142\u00a0Weekend majowy (29.04 -03.05)\u00a0340z\u0142 -380z\u0142Ka\u017cda kolejna osoba 40z\u0142 ( 7, 8 os\u00f3b)OP\u0141ATA KLIMATYCZNA 2,5z\u0142 osoba \/ dobaAkceptujemy zwierz\u0119ta opr\u00f3cz [&hellip;]<\/p>\n","protected":false},"author":1,"featured_media":0,"parent":0,"menu_order":0,"comment_status":"closed","ping_status":"closed","template":"","meta":{"_et_pb_use_builder":"on","_et_pb_old_content":"","_et_gb_content_width":"","footnotes":""},"class_list":["post-5","page","type-page","status-publish","hentry"],"_links":{"self":[{"href":"https:\/\/www.osadachlapowo.pl\/index.php\/wp-json\/wp\/v2\/pages\/5","targetHints":{"allow":["GET"]}}],"collection":[{"href":"https:\/\/www.osadachlapowo.pl\/index.php\/wp-json\/wp\/v2\/pages"}],"about":[{"href":"https:\/\/www.osadachlapowo.pl\/index.php\/wp-json\/wp\/v2\/types\/page"}],"author":[{"embeddable":true,"href":"https:\/\/www.osadachlapowo.pl\/index.php\/wp-json\/wp\/v2\/users\/1"}],"replies":[{"embeddable":true,"href":"https:\/\/www.osadachlapowo.pl\/index.php\/wp-json\/wp\/v2\/comments?post=5"}],"version-history":[{"count":0,"href":"https:\/\/www.osadachlapowo.pl\/index.php\/wp-json\/wp\/v2\/pages\/5\/revisions"}],"wp:attachment":[{"href":"https:\/\/www.osadachlapowo.pl\/index.php\/wp-json\/wp\/v2\/media?parent=5"}],"curies":[{"name":"wp","href":"https:\/\/api.w.org\/{rel}","templated":true}]}}